{"id":407,"date":"2019-11-22T15:44:04","date_gmt":"2019-11-22T14:44:04","guid":{"rendered":"https:\/\/happylovers.cl\/stayhappy\/?page_id=407"},"modified":"2025-11-25T04:07:31","modified_gmt":"2025-11-25T03:07:31","slug":"sabanillas-para-adiestramiento","status":"publish","type":"page","link":"https:\/\/happylovers.cl\/stayhappy\/higiene-para-perros\/sabanillas-para-adiestramiento\/","title":{"rendered":"Sabanillas para Adiestramiento"},"content":{"rendered":"<!--themify_builder_content-->\n<div id=\"themify_builder_content-407\" data-postid=\"407\" class=\"themify_builder_content themify_builder_content-407 themify_builder tf_clear\">\n                    <div  data-css_id=\"6al0133\" data-lazy=\"1\" class=\"module_row themify_builder_row fullwidth tb_6al0133 tb_first tf_w\">\n                        <div class=\"row_inner col_align_top gutter-none tb_col_count_2 tf_box tf_rel\">\n                        <div  data-lazy=\"1\" class=\"module_column tb-column col4-2 tb_qx8u134 first\">\n                            <div  data-lazy=\"1\" class=\"module_subrow themify_builder_sub_row tf_w col_align_top gutter-none tb_col_count_2 tb_laqg658\">\n                <div  data-lazy=\"1\" class=\"module_column sub_column col4-2 tb_8pdp658 first\">\n                    <!-- module image -->\n<div  class=\"module module-image tb_5x83900 image-top   tf_mw\" data-lazy=\"1\">\n        <div class=\"image-wrap tf_rel tf_mw\">\n            <img src=\"https:\/\/happylovers.cl\/stayhappy\/wp-content\/uploads\/2019\/11\/Perro-sabanillas.svg\" title=\"Sabanillas para Adiestramiento\" alt=\"Sabanillas para Adiestramiento\">    \n        <\/div>\n    <!-- \/image-wrap -->\n    \n        <\/div>\n<!-- \/module image -->        <\/div>\n                    <div  data-lazy=\"1\" class=\"module_column sub_column col4-2 tb_z9qe658 last\">\n                    <!-- module text -->\n<div  class=\"module module-text tb_7sfw909   \" data-lazy=\"1\">\n        <div  class=\"tb_text_wrap\">\n        <div class=\"elementor-element elementor-element-74d78d56 elementor-widget elementor-widget-heading\" data-id=\"74d78d56\" data-element_type=\"widget\" data-widget_type=\"heading.default\">\n<div class=\"elementor-widget-container\">\n<h1 class=\"elementor-heading-title elementor-size-default\">SABANILLAS<\/h1>\n<\/div>\n<\/div>\n<div class=\"elementor-element elementor-element-4b75e0ef elementor-widget elementor-widget-heading\" data-id=\"4b75e0ef\" data-element_type=\"widget\" data-widget_type=\"heading.default\">\n<div class=\"elementor-widget-container\">\n<h4 class=\"elementor-heading-title elementor-size-default\">PARA ADIESTRAMIENTO<\/h4>\n<\/div>\n<\/div>    <\/div>\n<\/div>\n<!-- \/module text -->        <\/div>\n                    <\/div>\n                <\/div>\n                    <div  data-lazy=\"1\" class=\"module_column tb-column col4-2 tb_mpa4695 last\">\n                    <!-- module image -->\n<div  class=\"module module-image tb_0gqp541 image-center   tf_mw\" data-lazy=\"1\">\n        <div class=\"image-wrap tf_rel tf_mw\">\n            <img src=\"https:\/\/happylovers.cl\/stayhappy\/wp-content\/uploads\/2020\/09\/sabanillas-de-adiestramiento-300x402.png\" width=\"300\" height=\"402\" class=\"wp-post-image wp-image-1329\" title=\"sabanillas-de-adiestramiento\" alt=\"sabanillas-de-adiestramiento\" srcset=\"https:\/\/happylovers.cl\/stayhappy\/wp-content\/uploads\/2020\/09\/sabanillas-de-adiestramiento-300x402.png 300w, https:\/\/happylovers.cl\/stayhappy\/wp-content\/uploads\/2020\/09\/sabanillas-de-adiestramiento-223x300.png 223w, https:\/\/happylovers.cl\/stayhappy\/wp-content\/uploads\/2020\/09\/sabanillas-de-adiestramiento-350x470.png 350w, https:\/\/happylovers.cl\/stayhappy\/wp-content\/uploads\/2020\/09\/sabanillas-de-adiestramiento.png 700w\" sizes=\"(max-width: 300px) 100vw, 300px\" \/>    \n        <\/div>\n    <!-- \/image-wrap -->\n    \n        <\/div>\n<!-- \/module image -->        <\/div>\n                        <\/div>\n        <\/div>\n                        <div  data-lazy=\"1\" class=\"module_row themify_builder_row tb_axgz54 tf_w\">\n                        <div class=\"row_inner col_align_top tb_col_count_1 tf_box tf_rel\">\n                        <div  data-lazy=\"1\" class=\"module_column tb-column col-full tb_qi6355 first\">\n                    <!-- module image -->\n<div  class=\"module module-image tb_vdaj743 image-center   tf_mw\" data-lazy=\"1\">\n        <div class=\"image-wrap tf_rel tf_mw\">\n            <img src=\"https:\/\/happylovers.cl\/stayhappy\/wp-content\/uploads\/2019\/11\/S1-sabanillas-perro-1024x124-800x96.png\" width=\"800\" height=\"96\" class=\"wp-post-image wp-image-474\" title=\"S1-sabanillas-perro\" alt=\"S1-sabanillas-perro\" srcset=\"https:\/\/happylovers.cl\/stayhappy\/wp-content\/uploads\/2019\/11\/S1-sabanillas-perro-1024x124-800x96.png 800w, https:\/\/happylovers.cl\/stayhappy\/wp-content\/uploads\/2019\/11\/S1-sabanillas-perro-300x36.png 300w, https:\/\/happylovers.cl\/stayhappy\/wp-content\/uploads\/2019\/11\/S1-sabanillas-perro-768x93.png 768w, https:\/\/happylovers.cl\/stayhappy\/wp-content\/uploads\/2019\/11\/S1-sabanillas-perro-1024x124.png 1024w, https:\/\/happylovers.cl\/stayhappy\/wp-content\/uploads\/2019\/11\/S1-sabanillas-perro.png 1337w\" sizes=\"(max-width: 800px) 100vw, 800px\" \/>    \n        <\/div>\n    <!-- \/image-wrap -->\n    \n        <\/div>\n<!-- \/module image -->        <\/div>\n                        <\/div>\n        <\/div>\n                        <div  data-lazy=\"1\" class=\"module_row themify_builder_row tb_efxr687 tf_w\">\n                        <div class=\"row_inner col_align_top tb_col_count_1 tf_box tf_rel\">\n                        <div  data-lazy=\"1\" class=\"module_column tb-column col-full tb_ys9t688 first\">\n                    <!-- module text -->\n<div  class=\"module module-text tb_8ww1341   \" data-lazy=\"1\">\n        <div  class=\"tb_text_wrap\">\n        <h3 class=\"elementor-heading-title elementor-size-default\" style=\"text-align: center;\">el cari\u00f1o est\u00e1 en los detalles<\/h3>    <\/div>\n<\/div>\n<!-- \/module text -->        <\/div>\n                        <\/div>\n        <\/div>\n                        <div  data-lazy=\"1\" class=\"module_row themify_builder_row tb_qbb3258 tf_w\">\n                        <div class=\"row_inner col_align_top gutter-narrow tb_col_count_2 tf_box tf_rel\">\n                        <div  data-lazy=\"1\" class=\"module_column tb-column col4-2 tb_joos258 first\">\n                    <!-- module image -->\n<div  class=\"module module-image tb_ztrt415 image-left   tf_mw\" data-lazy=\"1\">\n        <div class=\"image-wrap tf_rel tf_mw\">\n            <img src=\"https:\/\/happylovers.cl\/stayhappy\/wp-content\/uploads\/2019\/11\/tecnologia-sabanillas-100x100.png\" width=\"100\" height=\"100\" class=\"wp-post-image wp-image-475\" title=\"Naturalmente liviana y absorbente\" alt=\"Con tecnolog\u00eda de r\u00e1pida absorci\u00f3n.\" srcset=\"https:\/\/happylovers.cl\/stayhappy\/wp-content\/uploads\/2019\/11\/tecnologia-sabanillas-100x100.png 100w, https:\/\/happylovers.cl\/stayhappy\/wp-content\/uploads\/2019\/11\/tecnologia-sabanillas-150x150.png 150w, https:\/\/happylovers.cl\/stayhappy\/wp-content\/uploads\/2019\/11\/tecnologia-sabanillas.png 281w\" sizes=\"(max-width: 100px) 100vw, 100px\" \/>    \n        <\/div>\n    <!-- \/image-wrap -->\n    \n        <div class=\"image-content\">\n                    <h3 class=\"image-title\">\n                                    Naturalmente liviana y absorbente                            <\/h3>\n                        <div class=\"image-caption tb_text_wrap\">\n            Con tecnolog\u00eda de r\u00e1pida absorci\u00f3n.        <\/div>\n        <!-- \/image-caption -->\n            <\/div>\n    <!-- \/image-content -->\n        <\/div>\n<!-- \/module image -->        <\/div>\n                    <div  data-lazy=\"1\" class=\"module_column tb-column col4-2 tb_72xl258 last\">\n                    <!-- module image -->\n<div  class=\"module module-image tb_6jxx702 image-left   tf_mw\" data-lazy=\"1\">\n        <div class=\"image-wrap tf_rel tf_mw\">\n            <img src=\"https:\/\/happylovers.cl\/stayhappy\/wp-content\/uploads\/2019\/11\/caract-3-100x100.png\" width=\"100\" height=\"100\" class=\"wp-post-image wp-image-438\" title=\"Seguro para su mascota y su casa\" alt=\"No es t\u00f3xico.\" srcset=\"https:\/\/happylovers.cl\/stayhappy\/wp-content\/uploads\/2019\/11\/caract-3-100x100.png 100w, https:\/\/happylovers.cl\/stayhappy\/wp-content\/uploads\/2019\/11\/caract-3-150x150.png 150w, https:\/\/happylovers.cl\/stayhappy\/wp-content\/uploads\/2019\/11\/caract-3.png 281w\" sizes=\"(max-width: 100px) 100vw, 100px\" \/>    \n        <\/div>\n    <!-- \/image-wrap -->\n    \n        <div class=\"image-content\">\n                    <h3 class=\"image-title\">\n                                    Seguro para su mascota y su casa                            <\/h3>\n                        <div class=\"image-caption tb_text_wrap\">\n            No es t\u00f3xico.        <\/div>\n        <!-- \/image-caption -->\n            <\/div>\n    <!-- \/image-content -->\n        <\/div>\n<!-- \/module image -->        <\/div>\n                        <\/div>\n        <\/div>\n                        <div  data-lazy=\"1\" class=\"module_row themify_builder_row tb_o3ja8 tf_w\">\n                        <div class=\"row_inner col_align_top tb_col_count_1 tf_box tf_rel\">\n                        <div  data-lazy=\"1\" class=\"module_column tb-column col-full tb_00lw9 first\">\n                    <!-- module text -->\n<div  class=\"module module-text tb_82al113   \" data-lazy=\"1\">\n        <div  class=\"tb_text_wrap\">\n        <h3 class=\"elementor-heading-title elementor-size-default\" style=\"text-align: center;\">modo de uso:<\/h3>    <\/div>\n<\/div>\n<!-- \/module text -->        <\/div>\n                        <\/div>\n        <\/div>\n                        <div  data-lazy=\"1\" class=\"module_row themify_builder_row tb_81wx146 tf_w\">\n                        <div class=\"row_inner col_align_top tb_col_count_3 tf_box tf_rel\">\n                        <div  data-lazy=\"1\" class=\"module_column tb-column col3-1 tb_7i2e146 first\">\n                    <!-- module image -->\n<div  class=\"module module-image tb_96oq372 image-top   tf_mw\" data-lazy=\"1\">\n        <div class=\"image-wrap tf_rel tf_mw\">\n            <img src=\"https:\/\/happylovers.cl\/stayhappy\/wp-content\/uploads\/2019\/11\/Instrucciones-Sabanillas-1.png\" class=\"wp-post-image wp-image-476\" title=\"Instrucciones-Sabanillas-1\" alt=\"Instrucciones-Sabanillas-1\" srcset=\"https:\/\/happylovers.cl\/stayhappy\/wp-content\/uploads\/2019\/11\/Instrucciones-Sabanillas-1.png 268w, https:\/\/happylovers.cl\/stayhappy\/wp-content\/uploads\/2019\/11\/Instrucciones-Sabanillas-1-260x300.png 260w\" sizes=\"(max-width: 268px) 100vw, 268px\" \/>    \n        <\/div>\n    <!-- \/image-wrap -->\n    \n        <\/div>\n<!-- \/module image -->        <\/div>\n                    <div  data-lazy=\"1\" class=\"module_column tb-column col3-1 tb_hf51146\">\n                    <!-- module image -->\n<div  class=\"module module-image tb_khmj384 image-top   tf_mw\" data-lazy=\"1\">\n        <div class=\"image-wrap tf_rel tf_mw\">\n            <img src=\"https:\/\/happylovers.cl\/stayhappy\/wp-content\/uploads\/2019\/11\/Instrucciones-Sabanillas-2.png\" class=\"wp-post-image wp-image-477\" title=\"Instrucciones-Sabanillas-2\" alt=\"Instrucciones-Sabanillas-2\" srcset=\"https:\/\/happylovers.cl\/stayhappy\/wp-content\/uploads\/2019\/11\/Instrucciones-Sabanillas-2.png 268w, https:\/\/happylovers.cl\/stayhappy\/wp-content\/uploads\/2019\/11\/Instrucciones-Sabanillas-2-260x300.png 260w\" sizes=\"(max-width: 268px) 100vw, 268px\" \/>    \n        <\/div>\n    <!-- \/image-wrap -->\n    \n        <\/div>\n<!-- \/module image -->        <\/div>\n                    <div  data-lazy=\"1\" class=\"module_column tb-column col3-1 tb_qhpw146 last\">\n                    <!-- module image -->\n<div  class=\"module module-image tb_5aah522 image-top   tf_mw\" data-lazy=\"1\">\n        <div class=\"image-wrap tf_rel tf_mw\">\n            <img src=\"https:\/\/happylovers.cl\/stayhappy\/wp-content\/uploads\/2019\/11\/Instrucciones-Sabanillas-3-1.png\" class=\"wp-post-image wp-image-479\" title=\"Instrucciones-Sabanillas-3\" alt=\"Instrucciones-Sabanillas-3\" srcset=\"https:\/\/happylovers.cl\/stayhappy\/wp-content\/uploads\/2019\/11\/Instrucciones-Sabanillas-3-1.png 268w, https:\/\/happylovers.cl\/stayhappy\/wp-content\/uploads\/2019\/11\/Instrucciones-Sabanillas-3-1-260x300.png 260w\" sizes=\"(max-width: 268px) 100vw, 268px\" \/>    \n        <\/div>\n    <!-- \/image-wrap -->\n    \n        <\/div>\n<!-- \/module image -->        <\/div>\n                        <\/div>\n        <\/div>\n                        <div  data-lazy=\"1\" class=\"module_row themify_builder_row tb_zpqf686 tf_w\">\n                        <div class=\"row_inner col_align_top tb_col_count_3 tf_box tf_rel\">\n                        <div  data-lazy=\"1\" class=\"module_column tb-column col3-1 tb_ifv4687 first\">\n                            <\/div>\n                    <div  data-lazy=\"1\" class=\"module_column tb-column col3-1 tb_7sj6687\">\n                    <!-- module image -->\n<div  class=\"module module-image tb_bm7u861 image-center   tf_mw\" data-lazy=\"1\">\n        <div class=\"image-wrap tf_rel tf_mw\">\n            <img src=\"https:\/\/happylovers.cl\/stayhappy\/wp-content\/uploads\/2019\/11\/Hecho-en-Chile-120x120.png\" width=\"120\" height=\"120\" class=\"wp-post-image wp-image-150\" title=\"Hecho en Chile\" alt=\"Hecho en Chile\" srcset=\"https:\/\/happylovers.cl\/stayhappy\/wp-content\/uploads\/2019\/11\/Hecho-en-Chile-120x120.png 120w, https:\/\/happylovers.cl\/stayhappy\/wp-content\/uploads\/2019\/11\/Hecho-en-Chile-150x150.png 150w, https:\/\/happylovers.cl\/stayhappy\/wp-content\/uploads\/2019\/11\/Hecho-en-Chile-100x100.png 100w, https:\/\/happylovers.cl\/stayhappy\/wp-content\/uploads\/2019\/11\/Hecho-en-Chile.png 196w\" sizes=\"(max-width: 120px) 100vw, 120px\" \/>    \n        <\/div>\n    <!-- \/image-wrap -->\n    \n        <\/div>\n<!-- \/module image -->        <\/div>\n                    <div  data-lazy=\"1\" class=\"module_column tb-column col3-1 tb_zmri688 last\">\n                            <\/div>\n                        <\/div>\n        <\/div>\n        <\/div>\n<!--\/themify_builder_content-->","protected":false},"excerpt":{"rendered":"<p>SABANILLAS PARA ADIESTRAMIENTO<\/p>\n","protected":false},"author":1,"featured_media":0,"parent":26,"menu_order":0,"comment_status":"closed","ping_status":"closed","template":"","meta":[],"builder_content":"<img src=\"https:\/\/happylovers.cl\/stayhappy\/wp-content\/uploads\/2019\/11\/Perro-sabanillas.svg\" title=\"Sabanillas para Adiestramiento\" alt=\"Sabanillas para Adiestramiento\">\n<h1>SABANILLAS<\/h1>\n<h4>PARA ADIESTRAMIENTO<\/h4>\n<img src=\"https:\/\/happylovers.cl\/stayhappy\/wp-content\/uploads\/2020\/09\/sabanillas-de-adiestramiento-300x402.png\" width=\"300\" height=\"402\" title=\"sabanillas-de-adiestramiento\" alt=\"sabanillas-de-adiestramiento\" srcset=\"https:\/\/happylovers.cl\/stayhappy\/wp-content\/uploads\/2020\/09\/sabanillas-de-adiestramiento-300x402.png 300w, https:\/\/happylovers.cl\/stayhappy\/wp-content\/uploads\/2020\/09\/sabanillas-de-adiestramiento-223x300.png 223w, https:\/\/happylovers.cl\/stayhappy\/wp-content\/uploads\/2020\/09\/sabanillas-de-adiestramiento-350x470.png 350w, https:\/\/happylovers.cl\/stayhappy\/wp-content\/uploads\/2020\/09\/sabanillas-de-adiestramiento.png 700w\" sizes=\"(max-width: 300px) 100vw, 300px\" \/>\n<img src=\"https:\/\/happylovers.cl\/stayhappy\/wp-content\/uploads\/2019\/11\/S1-sabanillas-perro-1024x124-800x96.png\" width=\"800\" height=\"96\" title=\"S1-sabanillas-perro\" alt=\"S1-sabanillas-perro\" srcset=\"https:\/\/happylovers.cl\/stayhappy\/wp-content\/uploads\/2019\/11\/S1-sabanillas-perro-1024x124-800x96.png 800w, https:\/\/happylovers.cl\/stayhappy\/wp-content\/uploads\/2019\/11\/S1-sabanillas-perro-300x36.png 300w, https:\/\/happylovers.cl\/stayhappy\/wp-content\/uploads\/2019\/11\/S1-sabanillas-perro-768x93.png 768w, https:\/\/happylovers.cl\/stayhappy\/wp-content\/uploads\/2019\/11\/S1-sabanillas-perro-1024x124.png 1024w, https:\/\/happylovers.cl\/stayhappy\/wp-content\/uploads\/2019\/11\/S1-sabanillas-perro.png 1337w\" sizes=\"(max-width: 800px) 100vw, 800px\" \/>\n<h3 style=\"text-align: center;\">el cari\u00f1o est\u00e1 en los detalles<\/h3>\n<img src=\"https:\/\/happylovers.cl\/stayhappy\/wp-content\/uploads\/2019\/11\/tecnologia-sabanillas-100x100.png\" width=\"100\" height=\"100\" title=\"Naturalmente liviana y absorbente\" alt=\"Con tecnolog\u00eda de r\u00e1pida absorci\u00f3n.\" srcset=\"https:\/\/happylovers.cl\/stayhappy\/wp-content\/uploads\/2019\/11\/tecnologia-sabanillas-100x100.png 100w, https:\/\/happylovers.cl\/stayhappy\/wp-content\/uploads\/2019\/11\/tecnologia-sabanillas-150x150.png 150w, https:\/\/happylovers.cl\/stayhappy\/wp-content\/uploads\/2019\/11\/tecnologia-sabanillas.png 281w\" sizes=\"(max-width: 100px) 100vw, 100px\" \/> <h3> Naturalmente liviana y absorbente <\/h3> Con tecnolog\u00eda de r\u00e1pida absorci\u00f3n.\n<img src=\"https:\/\/happylovers.cl\/stayhappy\/wp-content\/uploads\/2019\/11\/caract-3-100x100.png\" width=\"100\" height=\"100\" title=\"Seguro para su mascota y su casa\" alt=\"No es t\u00f3xico.\" srcset=\"https:\/\/happylovers.cl\/stayhappy\/wp-content\/uploads\/2019\/11\/caract-3-100x100.png 100w, https:\/\/happylovers.cl\/stayhappy\/wp-content\/uploads\/2019\/11\/caract-3-150x150.png 150w, https:\/\/happylovers.cl\/stayhappy\/wp-content\/uploads\/2019\/11\/caract-3.png 281w\" sizes=\"(max-width: 100px) 100vw, 100px\" \/> <h3> Seguro para su mascota y su casa <\/h3> No es t\u00f3xico.\n<h3 style=\"text-align: center;\">modo de uso:<\/h3>\n<img src=\"https:\/\/happylovers.cl\/stayhappy\/wp-content\/uploads\/2019\/11\/Instrucciones-Sabanillas-1.png\" title=\"Instrucciones-Sabanillas-1\" alt=\"Instrucciones-Sabanillas-1\" srcset=\"https:\/\/happylovers.cl\/stayhappy\/wp-content\/uploads\/2019\/11\/Instrucciones-Sabanillas-1.png 268w, https:\/\/happylovers.cl\/stayhappy\/wp-content\/uploads\/2019\/11\/Instrucciones-Sabanillas-1-260x300.png 260w\" sizes=\"(max-width: 268px) 100vw, 268px\" \/>\n<img src=\"https:\/\/happylovers.cl\/stayhappy\/wp-content\/uploads\/2019\/11\/Instrucciones-Sabanillas-2.png\" title=\"Instrucciones-Sabanillas-2\" alt=\"Instrucciones-Sabanillas-2\" srcset=\"https:\/\/happylovers.cl\/stayhappy\/wp-content\/uploads\/2019\/11\/Instrucciones-Sabanillas-2.png 268w, https:\/\/happylovers.cl\/stayhappy\/wp-content\/uploads\/2019\/11\/Instrucciones-Sabanillas-2-260x300.png 260w\" sizes=\"(max-width: 268px) 100vw, 268px\" \/>\n<img src=\"https:\/\/happylovers.cl\/stayhappy\/wp-content\/uploads\/2019\/11\/Instrucciones-Sabanillas-3-1.png\" title=\"Instrucciones-Sabanillas-3\" alt=\"Instrucciones-Sabanillas-3\" srcset=\"https:\/\/happylovers.cl\/stayhappy\/wp-content\/uploads\/2019\/11\/Instrucciones-Sabanillas-3-1.png 268w, https:\/\/happylovers.cl\/stayhappy\/wp-content\/uploads\/2019\/11\/Instrucciones-Sabanillas-3-1-260x300.png 260w\" sizes=\"(max-width: 268px) 100vw, 268px\" \/>\n<img src=\"https:\/\/happylovers.cl\/stayhappy\/wp-content\/uploads\/2019\/11\/Hecho-en-Chile-120x120.png\" width=\"120\" height=\"120\" title=\"Hecho en Chile\" alt=\"Hecho en Chile\" srcset=\"https:\/\/happylovers.cl\/stayhappy\/wp-content\/uploads\/2019\/11\/Hecho-en-Chile-120x120.png 120w, https:\/\/happylovers.cl\/stayhappy\/wp-content\/uploads\/2019\/11\/Hecho-en-Chile-150x150.png 150w, https:\/\/happylovers.cl\/stayhappy\/wp-content\/uploads\/2019\/11\/Hecho-en-Chile-100x100.png 100w, https:\/\/happylovers.cl\/stayhappy\/wp-content\/uploads\/2019\/11\/Hecho-en-Chile.png 196w\" sizes=\"(max-width: 120px) 100vw, 120px\" \/>","_links":{"self":[{"href":"https:\/\/happylovers.cl\/stayhappy\/wp-json\/wp\/v2\/pages\/407"}],"collection":[{"href":"https:\/\/happylovers.cl\/stayhappy\/wp-json\/wp\/v2\/pages"}],"about":[{"href":"https:\/\/happylovers.cl\/stayhappy\/wp-json\/wp\/v2\/types\/page"}],"author":[{"embeddable":true,"href":"https:\/\/happylovers.cl\/stayhappy\/wp-json\/wp\/v2\/users\/1"}],"replies":[{"embeddable":true,"href":"https:\/\/happylovers.cl\/stayhappy\/wp-json\/wp\/v2\/comments?post=407"}],"version-history":[{"count":32,"href":"https:\/\/happylovers.cl\/stayhappy\/wp-json\/wp\/v2\/pages\/407\/revisions"}],"predecessor-version":[{"id":3352,"href":"https:\/\/happylovers.cl\/stayhappy\/wp-json\/wp\/v2\/pages\/407\/revisions\/3352"}],"up":[{"embeddable":true,"href":"https:\/\/happylovers.cl\/stayhappy\/wp-json\/wp\/v2\/pages\/26"}],"wp:attachment":[{"href":"https:\/\/happylovers.cl\/stayhappy\/wp-json\/wp\/v2\/media?parent=407"}],"curies":[{"name":"wp","href":"https:\/\/api.w.org\/{rel}","templated":true}]}}