{"id":279,"date":"2019-11-15T16:47:29","date_gmt":"2019-11-15T15:47:29","guid":{"rendered":"https:\/\/happylovers.cl\/stayhappy\/?page_id=279"},"modified":"2025-11-25T04:10:05","modified_gmt":"2025-11-25T03:10:05","slug":"blog","status":"publish","type":"page","link":"https:\/\/happylovers.cl\/stayhappy\/blog\/","title":{"rendered":"Blog"},"content":{"rendered":"<!--themify_builder_content-->\n<div id=\"themify_builder_content-279\" data-postid=\"279\" class=\"themify_builder_content themify_builder_content-279 themify_builder tf_clear\">\n                    <div  data-css_id=\"5gx0834\" data-lazy=\"1\" class=\"module_row themify_builder_row fullwidth tb_5gx0834 tb_first tf_w\">\n                        <div class=\"row_inner col_align_top gutter-none tb_col_count_2 tf_box tf_rel\">\n                        <div  data-lazy=\"1\" class=\"module_column tb-column col4-2 tb_riwk834 first\">\n                    <!-- module box -->\n<div  class=\"module module-box tb_gkce373 \" data-lazy=\"1\">\n    <div class=\"module-box-content ui  tb_default_color\">\n                <div class=\"tb_text_wrap\"><div class=\"elementor-element elementor-element-423d5a9 elementor-widget elementor-widget-heading\" data-id=\"423d5a9\" data-element_type=\"widget\" data-widget_type=\"heading.default\">\n<div class=\"elementor-widget-container\">\n<h2 class=\"elementor-heading-title elementor-size-default\">Tips de mascotas<\/h2>\n<\/div>\n<\/div>\n<section class=\"elementor-section elementor-inner-section elementor-element elementor-element-94f32d3 elementor-section-full_width elementor-section-height-default elementor-section-height-default jet-parallax-section\" data-id=\"94f32d3\" data-element_type=\"section\" data-settings=\"{&quot;jet_parallax_layout_list&quot;:[{&quot;jet_parallax_layout_image&quot;:{&quot;url&quot;:&quot;&quot;,&quot;id&quot;:&quot;&quot;,&quot;size&quot;:&quot;&quot;},&quot;jet_parallax_layout_image_tablet&quot;:{&quot;url&quot;:&quot;&quot;,&quot;id&quot;:&quot;&quot;,&quot;size&quot;:&quot;&quot;},&quot;jet_parallax_layout_image_mobile&quot;:{&quot;url&quot;:&quot;&quot;,&quot;id&quot;:&quot;&quot;,&quot;size&quot;:&quot;&quot;},&quot;jet_parallax_layout_speed&quot;:{&quot;unit&quot;:&quot;%&quot;,&quot;size&quot;:50,&quot;sizes&quot;:[]},&quot;jet_parallax_layout_type&quot;:&quot;scroll&quot;,&quot;jet_parallax_layout_direction&quot;:null,&quot;jet_parallax_layout_fx_direction&quot;:null,&quot;jet_parallax_layout_z_index&quot;:&quot;&quot;,&quot;jet_parallax_layout_bg_x&quot;:50,&quot;jet_parallax_layout_bg_y&quot;:50,&quot;jet_parallax_layout_bg_size&quot;:&quot;auto&quot;,&quot;jet_parallax_layout_animation_prop&quot;:&quot;transform&quot;,&quot;jet_parallax_layout_on&quot;:[&quot;desktop&quot;,&quot;tablet&quot;],&quot;_id&quot;:&quot;157a465&quot;,&quot;jet_parallax_layout_bg_x_tablet&quot;:&quot;&quot;,&quot;jet_parallax_layout_bg_x_mobile&quot;:&quot;&quot;,&quot;jet_parallax_layout_bg_y_tablet&quot;:&quot;&quot;,&quot;jet_parallax_layout_bg_y_mobile&quot;:&quot;&quot;,&quot;jet_parallax_layout_bg_size_tablet&quot;:&quot;&quot;,&quot;jet_parallax_layout_bg_size_mobile&quot;:&quot;&quot;}]}\">\n<div class=\"jet-parallax-section__layout elementor-repeater-item-157a465 jet-parallax-section__scroll-layout\">\n<div class=\"jet-parallax-section__image\">\u00a0<\/div>\n<\/div>\n<div class=\"elementor-container elementor-column-gap-no\">\n<div class=\"elementor-column elementor-col-100 elementor-inner-column elementor-element elementor-element-93a1448\" data-id=\"93a1448\" data-element_type=\"column\">\n<div class=\"elementor-widget-wrap elementor-element-populated\">\n<div class=\"elementor-element elementor-element-156d7a2 elementor-widget elementor-widget-text-editor\" data-id=\"156d7a2\" data-element_type=\"widget\" data-widget_type=\"text-editor.default\">\n<div class=\"elementor-widget-container\">\n<h6>Participa en la comunidad Stay Happy \ud83d\ude09 Recibe en tu correo nuestro mejor contenido sobre c\u00f3mo cuidar a tu mascota.\u00a0<\/h6>\n<\/div>\n<\/div>\n<\/div>\n<\/div>\n<\/div>\n<\/section><\/div>\n    <\/div>\n<\/div>\n<!-- \/module box -->\n        <\/div>\n                    <div  data-lazy=\"1\" class=\"module_column tb-column col4-2 tb_9ota162 last\">\n                            <\/div>\n                        <\/div>\n        <\/div>\n                        <div  data-lazy=\"1\" class=\"module_row themify_builder_row tb_m7bl531 tf_w\">\n                        <div class=\"row_inner col_align_top tb_col_count_1 tf_box tf_rel\">\n                        <div  data-lazy=\"1\" class=\"module_column tb-column col-full tb_umhn532 first\">\n                    <!-- module text -->\n<div  class=\"module module-text tb_kidu88   \" data-lazy=\"1\">\n        <div  class=\"tb_text_wrap\">\n        <h3 style=\"text-align: center;\">BLOG<\/h3>    <\/div>\n<\/div>\n<!-- \/module text -->        <\/div>\n                        <\/div>\n        <\/div>\n                        <div  data-lazy=\"1\" class=\"module_row themify_builder_row tb_rbpd126 tf_w\">\n                        <div class=\"row_inner col_align_top tb_col_count_1 tf_box tf_rel\">\n                        <div  data-lazy=\"1\" class=\"module_column tb-column col-full tb_pevq127 first\">\n                    <!-- module post -->\n<div  class=\"module module-post tb_5njk818 \">\n    <div  class=\"builder-posts-wrap loops-wrapper grid3 masonry no tf_rel tf_clear tf_clearfix\" data-lazy=\"1\">\n    <article id=\"post-1599\" class=\"post tf_clearfix post-1599 type-post status-publish format-standard has-post-thumbnail hentry category-sin-categoria has-post-title no-post-date has-post-category has-post-tag has-post-comment has-post-author \">\n\t    \n\t                <figure class=\"post-image tf_clearfix\">\n                                                            <a href=\"https:\/\/happylovers.cl\/stayhappy\/perros-y-la-orina-marcaje-o-ganas-de-ir-al-bano\/\">\n                                        <img src=\"https:\/\/happylovers.cl\/stayhappy\/wp-content\/uploads\/2021\/06\/New-Project-1568x499.png\" class=\"wp-post-image wp-image-1600\" title=\"perro orina\" alt=\"perro orina\" srcset=\"https:\/\/happylovers.cl\/stayhappy\/wp-content\/uploads\/2021\/06\/New-Project-1568x499.png 1568w, https:\/\/happylovers.cl\/stayhappy\/wp-content\/uploads\/2021\/06\/New-Project-300x95.png 300w, https:\/\/happylovers.cl\/stayhappy\/wp-content\/uploads\/2021\/06\/New-Project-768x244.png 768w, https:\/\/happylovers.cl\/stayhappy\/wp-content\/uploads\/2021\/06\/New-Project-1024x326.png 1024w\" sizes=\"(max-width: 1568px) 100vw, 1568px\" \/>                                                                    <\/a>\n                                                                <\/figure>\n                    \t<div class=\"post-content\">\n\t\t<div class=\"post-content-inner\">\n\n\t\t\t\n\t\t\t<h2 class=\"post-title entry-title\"><a href=\"https:\/\/happylovers.cl\/stayhappy\/perros-y-la-orina-marcaje-o-ganas-de-ir-al-bano\/\">Perros y la orina: \u00bfMarcaje o ganas de ir al ba\u00f1o?<\/a><\/h2>\n\t\t\t\n\t\t\t\n\t\t\t        <div class=\"entry-content\">\n\n        \n            <p>Para los perros marcar por medio de la orina es la manera en la que se apropian de objetos y lugares. As\u00ed como t\u00fa le pones tu nombre a las cosas para que los dem\u00e1s sepan que son tuyas, los perros dicen \u00abes m\u00edo\u00bb con su orina. Lo malo es cuando eso ocurre al interior [&hellip;]<\/p>\n\n                \n            \n        <\/div><!-- \/.entry-content -->\n        \n\t\t<\/div>\n\t\t<!-- \/.post-content-inner -->\n\t<\/div>\n\t<!-- \/.post-content -->\n\t\n<\/article>\n<!-- \/.post -->\n<article id=\"post-1596\" class=\"post tf_clearfix post-1596 type-post status-publish format-standard has-post-thumbnail hentry category-sin-categoria has-post-title no-post-date has-post-category has-post-tag has-post-comment has-post-author \">\n\t    \n\t                <figure class=\"post-image tf_clearfix\">\n                                                            <a href=\"https:\/\/happylovers.cl\/stayhappy\/borrador-automatico\/\">\n                                        <img src=\"https:\/\/happylovers.cl\/stayhappy\/wp-content\/uploads\/2021\/06\/New-Project-1-1568x499.png\" class=\"wp-post-image wp-image-1597\" title=\"arena gatos\" alt=\"arena gatos\" srcset=\"https:\/\/happylovers.cl\/stayhappy\/wp-content\/uploads\/2021\/06\/New-Project-1-1568x499.png 1568w, https:\/\/happylovers.cl\/stayhappy\/wp-content\/uploads\/2021\/06\/New-Project-1-300x95.png 300w, https:\/\/happylovers.cl\/stayhappy\/wp-content\/uploads\/2021\/06\/New-Project-1-768x244.png 768w, https:\/\/happylovers.cl\/stayhappy\/wp-content\/uploads\/2021\/06\/New-Project-1-1024x326.png 1024w\" sizes=\"(max-width: 1568px) 100vw, 1568px\" \/>                                                                    <\/a>\n                                                                <\/figure>\n                    \t<div class=\"post-content\">\n\t\t<div class=\"post-content-inner\">\n\n\t\t\t\n\t\t\t<h2 class=\"post-title entry-title\"><a href=\"https:\/\/happylovers.cl\/stayhappy\/borrador-automatico\/\">C\u00f3mo mantener la caja de arena de tu gato<\/a><\/h2>\n\t\t\t\n\t\t\t\n\t\t\t        <div class=\"entry-content\">\n\n        \n            <p>El cuidado apropiado de tu gato incluye el mantenimiento de una caja de arena siempre lo m\u00e1s limpia posible. No olvides que son animales extremadamente obsesivos con la limpieza y un arenero sucio puede no s\u00f3lo poner de mal \u00e1nimo a tu gato, sino incluso generar un muy mal comportamiento en \u00e9l a modo de protesta.<\/p>\n\n                \n            \n        <\/div><!-- \/.entry-content -->\n        \n\t\t<\/div>\n\t\t<!-- \/.post-content-inner -->\n\t<\/div>\n\t<!-- \/.post-content -->\n\t\n<\/article>\n<!-- \/.post -->\n<article id=\"post-1577\" class=\"post tf_clearfix post-1577 type-post status-publish format-standard has-post-thumbnail hentry category-sin-categoria has-post-title no-post-date has-post-category has-post-tag has-post-comment has-post-author \">\n\t    \n\t                <figure class=\"post-image tf_clearfix\">\n                                                            <a href=\"https:\/\/happylovers.cl\/stayhappy\/los-gatos-y-la-leche-les-hace-bien\/\">\n                                        <img src=\"https:\/\/happylovers.cl\/stayhappy\/wp-content\/uploads\/2021\/05\/New-Project-2021-05-26T123638.706-1568x499.png\" class=\"wp-post-image wp-image-1578\" title=\"New Project - 2021-05-26T123638.706\" alt=\"New Project - 2021-05-26T123638.706\" srcset=\"https:\/\/happylovers.cl\/stayhappy\/wp-content\/uploads\/2021\/05\/New-Project-2021-05-26T123638.706-1568x499.png 1568w, https:\/\/happylovers.cl\/stayhappy\/wp-content\/uploads\/2021\/05\/New-Project-2021-05-26T123638.706-300x95.png 300w, https:\/\/happylovers.cl\/stayhappy\/wp-content\/uploads\/2021\/05\/New-Project-2021-05-26T123638.706-768x244.png 768w, https:\/\/happylovers.cl\/stayhappy\/wp-content\/uploads\/2021\/05\/New-Project-2021-05-26T123638.706-1024x326.png 1024w\" sizes=\"(max-width: 1568px) 100vw, 1568px\" \/>                                                                    <\/a>\n                                                                <\/figure>\n                    \t<div class=\"post-content\">\n\t\t<div class=\"post-content-inner\">\n\n\t\t\t\n\t\t\t<h2 class=\"post-title entry-title\"><a href=\"https:\/\/happylovers.cl\/stayhappy\/los-gatos-y-la-leche-les-hace-bien\/\">Los gatos y la leche: \u00bfLes hace bien?<\/a><\/h2>\n\t\t\t\n\t\t\t\n\t\t\t        <div class=\"entry-content\">\n\n        \n            <p>\u00bfDeben tomar leche los gatos? El 1 de junio se conmemora el D\u00eda Mundial de la Leche y queremos aprovechar de desmitificar el consumo de leche en gatos y adem\u00e1s aclarar varias otras dudas sobre la alimentaci\u00f3n de los felinos.\u00a0 Pese a que la alimentaci\u00f3n de las mascotas es un aspecto fundamental en su cuidado, [&hellip;]<\/p>\n\n                \n            \n        <\/div><!-- \/.entry-content -->\n        \n\t\t<\/div>\n\t\t<!-- \/.post-content-inner -->\n\t<\/div>\n\t<!-- \/.post-content -->\n\t\n<\/article>\n<!-- \/.post -->\n<article id=\"post-1574\" class=\"post tf_clearfix post-1574 type-post status-publish format-standard has-post-thumbnail hentry category-sin-categoria has-post-title no-post-date has-post-category has-post-tag has-post-comment has-post-author \">\n\t    \n\t                <figure class=\"post-image tf_clearfix\">\n                                                            <a href=\"https:\/\/happylovers.cl\/stayhappy\/como-cuidar-el-pelo-de-tu-mascota\/\">\n                                        <img src=\"https:\/\/happylovers.cl\/stayhappy\/wp-content\/uploads\/2021\/05\/New-Project-2021-05-26T123404.412-1568x499.png\" class=\"wp-post-image wp-image-1575\" title=\"New Project - 2021-05-26T123404.412\" alt=\"New Project - 2021-05-26T123404.412\" srcset=\"https:\/\/happylovers.cl\/stayhappy\/wp-content\/uploads\/2021\/05\/New-Project-2021-05-26T123404.412-1568x499.png 1568w, https:\/\/happylovers.cl\/stayhappy\/wp-content\/uploads\/2021\/05\/New-Project-2021-05-26T123404.412-300x95.png 300w, https:\/\/happylovers.cl\/stayhappy\/wp-content\/uploads\/2021\/05\/New-Project-2021-05-26T123404.412-768x244.png 768w, https:\/\/happylovers.cl\/stayhappy\/wp-content\/uploads\/2021\/05\/New-Project-2021-05-26T123404.412-1024x326.png 1024w\" sizes=\"(max-width: 1568px) 100vw, 1568px\" \/>                                                                    <\/a>\n                                                                <\/figure>\n                    \t<div class=\"post-content\">\n\t\t<div class=\"post-content-inner\">\n\n\t\t\t\n\t\t\t<h2 class=\"post-title entry-title\"><a href=\"https:\/\/happylovers.cl\/stayhappy\/como-cuidar-el-pelo-de-tu-mascota\/\">C\u00f3mo cuidar el pelo de tu mascota<\/a><\/h2>\n\t\t\t\n\t\t\t\n\t\t\t        <div class=\"entry-content\">\n\n        \n            <p>\u00bfQui\u00e9n no se siente atra\u00eddo por acariciar el pelaje de un perro o gato cuando es brillante y lustroso? La verdad es que es imposible aguantarse. Pero \u00bfc\u00f3mo se logra un pelo as\u00ed? Hay varios factores m\u00e1s all\u00e1 de la gen\u00e9tica y en esta nota te damos algunos consejos para que el pelo de tu [&hellip;]<\/p>\n\n                \n            \n        <\/div><!-- \/.entry-content -->\n        \n\t\t<\/div>\n\t\t<!-- \/.post-content-inner -->\n\t<\/div>\n\t<!-- \/.post-content -->\n\t\n<\/article>\n<!-- \/.post -->\n<article id=\"post-1564\" class=\"post tf_clearfix post-1564 type-post status-publish format-standard has-post-thumbnail hentry category-sin-categoria has-post-title no-post-date has-post-category has-post-tag has-post-comment has-post-author \">\n\t    \n\t                <figure class=\"post-image tf_clearfix\">\n                                                            <a href=\"https:\/\/happylovers.cl\/stayhappy\/mayo-mes-del-trabajo-tambien-es-cosa-de-perros\/\">\n                                        <img src=\"https:\/\/happylovers.cl\/stayhappy\/wp-content\/uploads\/2021\/04\/New-Project-2021-04-28T124812.342-1568x499.png\" class=\"wp-post-image wp-image-1565\" title=\"trabajos de perro\" alt=\"trabajos de perro\" srcset=\"https:\/\/happylovers.cl\/stayhappy\/wp-content\/uploads\/2021\/04\/New-Project-2021-04-28T124812.342-1568x499.png 1568w, https:\/\/happylovers.cl\/stayhappy\/wp-content\/uploads\/2021\/04\/New-Project-2021-04-28T124812.342-300x95.png 300w, https:\/\/happylovers.cl\/stayhappy\/wp-content\/uploads\/2021\/04\/New-Project-2021-04-28T124812.342-768x244.png 768w, https:\/\/happylovers.cl\/stayhappy\/wp-content\/uploads\/2021\/04\/New-Project-2021-04-28T124812.342-1024x326.png 1024w\" sizes=\"(max-width: 1568px) 100vw, 1568px\" \/>                                                                    <\/a>\n                                                                <\/figure>\n                    \t<div class=\"post-content\">\n\t\t<div class=\"post-content-inner\">\n\n\t\t\t\n\t\t\t<h2 class=\"post-title entry-title\"><a href=\"https:\/\/happylovers.cl\/stayhappy\/mayo-mes-del-trabajo-tambien-es-cosa-de-perros\/\">\u00a1Perros con Trabajo! Guau!<\/a><\/h2>\n\t\t\t\n\t\t\t\n\t\t\t        <div class=\"entry-content\">\n\n        \n            <p>Mientras que algunos perros pasan el d\u00eda descansando, comiendo o durmiendo, hay otros como ellos que fueron entrenados desde peque\u00f1os para que cuya misi\u00f3n en la vida sea trabajar.  Su excelente car\u00e1cter, inteligencia y sus grandes aptitudes como el agudo olfato los hacen ser excelentes complementos en varios oficios.<\/p>\n\n                \n            \n        <\/div><!-- \/.entry-content -->\n        \n\t\t<\/div>\n\t\t<!-- \/.post-content-inner -->\n\t<\/div>\n\t<!-- \/.post-content -->\n\t\n<\/article>\n<!-- \/.post -->\n<article id=\"post-1561\" class=\"post tf_clearfix post-1561 type-post status-publish format-standard has-post-thumbnail hentry category-sin-categoria has-post-title no-post-date has-post-category has-post-tag has-post-comment has-post-author \">\n\t    \n\t                <figure class=\"post-image tf_clearfix\">\n                                                            <a href=\"https:\/\/happylovers.cl\/stayhappy\/tendencia-si-a-las-mascotas-no-a-los-hijos\/\">\n                                        <img src=\"https:\/\/happylovers.cl\/stayhappy\/wp-content\/uploads\/2021\/04\/New-Project-2021-04-28T124444.088-1568x499.png\" class=\"wp-post-image wp-image-1562\" title=\"Tendencia\" alt=\"Tendencia\" srcset=\"https:\/\/happylovers.cl\/stayhappy\/wp-content\/uploads\/2021\/04\/New-Project-2021-04-28T124444.088-1568x499.png 1568w, https:\/\/happylovers.cl\/stayhappy\/wp-content\/uploads\/2021\/04\/New-Project-2021-04-28T124444.088-300x95.png 300w, https:\/\/happylovers.cl\/stayhappy\/wp-content\/uploads\/2021\/04\/New-Project-2021-04-28T124444.088-768x244.png 768w, https:\/\/happylovers.cl\/stayhappy\/wp-content\/uploads\/2021\/04\/New-Project-2021-04-28T124444.088-1024x326.png 1024w\" sizes=\"(max-width: 1568px) 100vw, 1568px\" \/>                                                                    <\/a>\n                                                                <\/figure>\n                    \t<div class=\"post-content\">\n\t\t<div class=\"post-content-inner\">\n\n\t\t\t\n\t\t\t<h2 class=\"post-title entry-title\"><a href=\"https:\/\/happylovers.cl\/stayhappy\/tendencia-si-a-las-mascotas-no-a-los-hijos\/\">Tendencia: S\u00ed a las mascotas \u00bfno a los hijos?<\/a><\/h2>\n\t\t\t\n\t\t\t\n\t\t\t        <div class=\"entry-content\">\n\n        \n            <p>\u00bfHas escuchado hablar de los DINKs? Es un t\u00e9rmino que se refiere a aquellas parejas donde ambos trabajan y por mutuo acuerdo deciden no tener hijos. <\/p>\n\n                \n            \n        <\/div><!-- \/.entry-content -->\n        \n\t\t<\/div>\n\t\t<!-- \/.post-content-inner -->\n\t<\/div>\n\t<!-- \/.post-content -->\n\t\n<\/article>\n<!-- \/.post -->\n    <\/div><!-- .builder-posts-wrap -->\n                                <link rel=\"prefetch\" as=\"document\" href=\"https:\/\/happylovers.cl\/stayhappy\/wp-json\/wp\/v2\/pages\/279\/page\/2\/\"\/><div class=\"pagenav tf_clear tf_box tf_textr tf_clearfix \"> <span class=\"number current\">1<\/span> <a href=\"https:\/\/happylovers.cl\/stayhappy\/wp-json\/wp\/v2\/pages\/279\/page\/2\/\" class=\"number\">2<\/a> <a href=\"https:\/\/happylovers.cl\/stayhappy\/wp-json\/wp\/v2\/pages\/279\/page\/3\/\" class=\"number\">3<\/a> <a href=\"https:\/\/happylovers.cl\/stayhappy\/wp-json\/wp\/v2\/pages\/279\/page\/4\/\" class=\"number\">4<\/a><a href=\"https:\/\/happylovers.cl\/stayhappy\/wp-json\/wp\/v2\/pages\/279\/page\/2\/\"  class=\"number nextp\">&rsaquo;<\/a><a href=\"https:\/\/happylovers.cl\/stayhappy\/wp-json\/wp\/v2\/pages\/279\/page\/5\/\" title=\"&raquo;\" class=\"number lastp\">&raquo;<\/a><\/div>                <\/div>\n<!-- \/module post -->\n            <\/div>\n                        <\/div>\n        <\/div>\n                        <div  data-lazy=\"1\" class=\"module_row themify_builder_row tb_d2dn69 tf_w\">\n                        <div class=\"row_inner col_align_top tb_col_count_2 tf_box tf_rel\">\n                        <div  data-lazy=\"1\" class=\"module_column tb-column col4-2 tb_gv0069 first\">\n                            <\/div>\n                    <div  data-lazy=\"1\" class=\"module_column tb-column col4-2 tb_aqvy69 last\">\n                    <!-- module text -->\n<div  class=\"module module-text tb_4t2w69   \" data-lazy=\"1\">\n        <div  class=\"tb_text_wrap\">\n        <div class=\"elementor-element elementor-element-80b95ac elementor-widget elementor-widget-heading\" data-id=\"80b95ac\" data-element_type=\"widget\" data-widget_type=\"heading.default\">\n<div class=\"elementor-widget-container\">\n<h2 class=\"elementor-heading-title elementor-size-default\">PURO CARI\u00d1O<\/h2>\n<\/div>\n<\/div>\n<div class=\"elementor-element elementor-element-ecac139 elementor-mobile-align-left elementor-widget elementor-widget-button\" data-id=\"ecac139\" data-element_type=\"widget\" data-widget_type=\"button.default\">\n<div class=\"elementor-widget-container\">\n<div class=\"elementor-button-wrapper\"><a class=\"elementor-button elementor-button-link elementor-size-sm\" href=\"https:\/\/happylovers.cl\/stayhappy\/higiene-para-perros\/\"><span class=\"elementor-button-content-wrapper\"><span class=\"elementor-button-text\">Tambi\u00e9n para Perros, revisa nuestros productos ac\u00e1\u00a0 \u2192<\/span><\/span><\/a><\/div>\n<\/div>\n<\/div>    <\/div>\n<\/div>\n<!-- \/module text -->        <\/div>\n                        <\/div>\n        <\/div>\n        <\/div>\n<!--\/themify_builder_content-->","protected":false},"excerpt":{"rendered":"<p>BLOG<\/p>\n","protected":false},"author":1,"featured_media":0,"parent":0,"menu_order":0,"comment_status":"closed","ping_status":"closed","template":"","meta":[],"builder_content":"<h2>Tips de mascotas<\/h2>\n<section data-id=\"94f32d3\" data-element_type=\"section\" data-settings=\"{&quot;jet_parallax_layout_list&quot;:[{&quot;jet_parallax_layout_image&quot;:{&quot;url&quot;:&quot;&quot;,&quot;id&quot;:&quot;&quot;,&quot;size&quot;:&quot;&quot;},&quot;jet_parallax_layout_image_tablet&quot;:{&quot;url&quot;:&quot;&quot;,&quot;id&quot;:&quot;&quot;,&quot;size&quot;:&quot;&quot;},&quot;jet_parallax_layout_image_mobile&quot;:{&quot;url&quot;:&quot;&quot;,&quot;id&quot;:&quot;&quot;,&quot;size&quot;:&quot;&quot;},&quot;jet_parallax_layout_speed&quot;:{&quot;unit&quot;:&quot;%&quot;,&quot;size&quot;:50,&quot;sizes&quot;:[]},&quot;jet_parallax_layout_type&quot;:&quot;scroll&quot;,&quot;jet_parallax_layout_direction&quot;:null,&quot;jet_parallax_layout_fx_direction&quot;:null,&quot;jet_parallax_layout_z_index&quot;:&quot;&quot;,&quot;jet_parallax_layout_bg_x&quot;:50,&quot;jet_parallax_layout_bg_y&quot;:50,&quot;jet_parallax_layout_bg_size&quot;:&quot;auto&quot;,&quot;jet_parallax_layout_animation_prop&quot;:&quot;transform&quot;,&quot;jet_parallax_layout_on&quot;:[&quot;desktop&quot;,&quot;tablet&quot;],&quot;_id&quot;:&quot;157a465&quot;,&quot;jet_parallax_layout_bg_x_tablet&quot;:&quot;&quot;,&quot;jet_parallax_layout_bg_x_mobile&quot;:&quot;&quot;,&quot;jet_parallax_layout_bg_y_tablet&quot;:&quot;&quot;,&quot;jet_parallax_layout_bg_y_mobile&quot;:&quot;&quot;,&quot;jet_parallax_layout_bg_size_tablet&quot;:&quot;&quot;,&quot;jet_parallax_layout_bg_size_mobile&quot;:&quot;&quot;}]}\">\n\u00a0\n<h6>Participa en la comunidad Stay Happy \ud83d\ude09 Recibe en tu correo nuestro mejor contenido sobre c\u00f3mo cuidar a tu mascota.\u00a0<\/h6>\n<\/section>\n<h3 style=\"text-align: center;\">BLOG<\/h3>\n<h2>PURO CARI\u00d1O<\/h2>\n<a href=\"https:\/\/happylovers.cl\/stayhappy\/higiene-para-perros\/\">Tambi\u00e9n para Perros, revisa nuestros productos ac\u00e1\u00a0 \u2192<\/a>","_links":{"self":[{"href":"https:\/\/happylovers.cl\/stayhappy\/wp-json\/wp\/v2\/pages\/279"}],"collection":[{"href":"https:\/\/happylovers.cl\/stayhappy\/wp-json\/wp\/v2\/pages"}],"about":[{"href":"https:\/\/happylovers.cl\/stayhappy\/wp-json\/wp\/v2\/types\/page"}],"author":[{"embeddable":true,"href":"https:\/\/happylovers.cl\/stayhappy\/wp-json\/wp\/v2\/users\/1"}],"replies":[{"embeddable":true,"href":"https:\/\/happylovers.cl\/stayhappy\/wp-json\/wp\/v2\/comments?post=279"}],"version-history":[{"count":34,"href":"https:\/\/happylovers.cl\/stayhappy\/wp-json\/wp\/v2\/pages\/279\/revisions"}],"predecessor-version":[{"id":3355,"href":"https:\/\/happylovers.cl\/stayhappy\/wp-json\/wp\/v2\/pages\/279\/revisions\/3355"}],"wp:attachment":[{"href":"https:\/\/happylovers.cl\/stayhappy\/wp-json\/wp\/v2\/media?parent=279"}],"curies":[{"name":"wp","href":"https:\/\/api.w.org\/{rel}","templated":true}]}}