{"id":202,"date":"2019-11-13T22:14:56","date_gmt":"2019-11-13T21:14:56","guid":{"rendered":"https:\/\/happylovers.cl\/stayhappy\/?page_id=202"},"modified":"2021-12-24T12:57:14","modified_gmt":"2021-12-24T11:57:14","slug":"eliminador-de-marcas-territoriales-para-gatos","status":"publish","type":"page","link":"https:\/\/happylovers.cl\/stayhappy\/higiene-para-gatos\/eliminador-de-marcas-territoriales-para-gatos\/","title":{"rendered":"Eliminador de Marcas Territoriales"},"content":{"rendered":"<h1>ELIMINADOR<br \/>\nDE MARCAS<\/h1>\n<h1>TERRITORIALES<\/h1>\n<h1>PARA GATOS<\/h1>\n<p><img loading=\"lazy\" width=\"1591\" height=\"190\" src=\"https:\/\/happylovers.cl\/stayhappy\/wp-content\/uploads\/2019\/11\/sombra.png\" alt=\"\" srcset=\"https:\/\/happylovers.cl\/stayhappy\/wp-content\/uploads\/2019\/11\/sombra.png 1591w, https:\/\/happylovers.cl\/stayhappy\/wp-content\/uploads\/2019\/11\/sombra-300x36.png 300w, https:\/\/happylovers.cl\/stayhappy\/wp-content\/uploads\/2019\/11\/sombra-768x92.png 768w, https:\/\/happylovers.cl\/stayhappy\/wp-content\/uploads\/2019\/11\/sombra-1024x122.png 1024w, https:\/\/happylovers.cl\/stayhappy\/wp-content\/uploads\/2019\/11\/sombra-1568x187.png 1568w\" sizes=\"(max-width: 1591px) 100vw, 1591px\"><br \/>\n<svg xmlns=\"http:\/\/www.w3.org\/2000\/svg\" id=\"Layer_1\" data-name=\"Layer 1\" viewBox=\"0 0 500 512.93\"><defs><\/defs><\/svg><\/p>\n<style>.cls-1{fill:#ff9ca6;}.cls-2{fill:#ffd23b;}<\/style>\n<p><title>toallitas humedas<\/title><path d=\"M499.9,112.06c-1.61-17-29.24-15.7-40.89-17.32-7-1-13.09-3.13-17.43-9-2.42-3.26-3.83-7.18-6.32-10.39a14.49,14.49,0,0,0-5.69-4.6c-5.33-8.52-10.9-18.24-20.47-21.8-10.2-3.79-22.42-.72-33-2.72.25-10,7.14-39,8.17-42.83a1.57,1.57,0,0,0-.08-1.08,1.72,1.72,0,0,0-2.44-2.1C375.55,3.93,371,9.36,365.92,14.37s-11.49,8.14-16,13.87c-5.89,7.49-8.42,18.11-10.36,28.29a80,80,0,0,0-5.19,7.34c-2.73,4.2-5,8.69-7.34,13.13-4,7.71-11.19,13.12-17.26,19.12-10.24,10.13-16.63,24.33-21.41,37.7-.27.77-.48,1.6-.72,2.4-.4.49-.79,1-1.18,1.46-6.26,7.66-13.41,13.93-18.28,22.68-6.32,11.35-11,26.51-18.77,38.59-6.5,6-13,11.93-20.63,17a141.33,141.33,0,0,0-33.92,31.68c-4.7,6.14-8.57,13-13,19.28-5.61,8-12.38,14.16-19.89,20.23C149.18,297.49,135.82,307,123.57,318c-19.31,17.3-36.35,40-46,64.66-7.8-5.06-13.93-11.22-18.22-19.88a81.15,81.15,0,0,1-8.86-38.28c.39-14.16,4.82-28.17,7.73-42,4.07-19.29,7.65-43,22.13-57.54,5.25-5.28,18.75-14.52,17.22-23.28-.62-3.53-5.89-3.67-8.47-3.7-9.86-.11-12.91,9.23-21.87,10.45-2.79.38-5.28,1.24-6.85,3.84-3.51,5.8-6.11,9.57-12.45,12.57-10.08,4.76-14,14.89-24.07,19.4-2.35,1.06-4.35,4-5.23,6.39A34.91,34.91,0,0,1,10.59,264c-7.25,7.76-4.26,20.2-7.57,29.54C.67,300.16-.82,305,.59,312c1.13,5.61,7.41,15.2,3,20.68C1.28,335.62,0,336.59,0,340.47c0,5.53,5.3,10.34,7.3,15.15,2.5,6-3.91,9.93-3.09,15.52,1.19,8.23,6.66,16.34,10.17,23.78,4.26,9.05,8.07,18.78,13.56,27.16,4.25,6.47,7.45,10.3,8.79,18,.55,3.2.81,5.74,3.8,7.44,9.15,5.18,21.34,3.51,32.18.74a158.92,158.92,0,0,0,13.05,35.1c-4.14,8-6.69,16.33-1.06,19.42,5.22,2.86,12.76,2.78,18.52,3.41,13,1.41,25.84-.58,38.82-1.1a138.29,138.29,0,0,1,15.09.45c5,.33,10.05.69,15.07.59,23.19-18.57,53.87-3.23,82.32-8.09a97.85,97.85,0,0,0,10.45.49c3.4.39,7.3.7,11.21.8,7.42-.27,18.93-.27,22.77-7.94,3.83-11.5-3.84-19.17-15.05-21.48a71.73,71.73,0,0,0-10.47-1.06c-3.42-.13-6.65-.11-9.36-.12-3.28,0-6.58-.06-9.92-.13-12.73-.22-24.24,3.62-35.75-4.06,3.84,0,3.84-3.83,8.38-4.73,2.88-1.71,5.79-3.32,8.75-4.86a271.85,271.85,0,0,1,37.27-15.71c11.77-4.05,23.2-8.77,34.58-13.78,8.91-3.93,18.09-7.81,26.34-13.1,0,3.05,0,6.1.06,9.11.07,13,.38,19.5.36,32.47q0,4.86-.09,9.73c-.58,5.94-.58,17.45,1.43,23.67,1.91,3.48,5.33,5.77,11.46,6.38,7.84.77,16.19,0,24.05-.05,4.23,0,8.46-.18,12.68.18,2.21.18,6,.88,8.07-.39,6.06-3.72-2.42-18.34-5.39-22a39,39,0,0,0-5.52-5.37,8.08,8.08,0,0,0-2.4-1.5c-2.78,1.22-10.53.55-11-4a23,23,0,0,1-1.43-2.07,17.88,17.88,0,0,1-1.15-2.27c-3.17-7.7,2.55-14.25,3.21-22.28,1.61-19.45,2.88-38.85,8.83-57.59,2.13-6.69,5.08-13.84,7-21.1.72-1.52,1.49-3,2.14-4.58,4.63-11.12,4.95-23.27,5.82-35.1a58.1,58.1,0,0,0-.22-12.53c.23-3.67.43-6.78,2.95-10.33,5.38-7.59.23-18.49,1.06-26.91.88.51,1.77,1,2.65,1.53a1.75,1.75,0,0,0,2.59-1.49c1.65-15.37-4.81-28.73-9.27-43-4.7-15.1-6.07-31.83-1.5-47.09a30.78,30.78,0,0,1,13.56-18c6.79-4,14.9-2.23,22.2-1.28,9.58,1.23,15.59-1,21.36-5.11,12,2.72,24.29,3.44,34.67-4.38C491.71,139.54,501.09,124.7,499.9,112.06Z\"><\/path><path d=\"M477.19,176.42c-12.77,15.12-24.63,22.69-43.77,23.29-14.66.46-31.94-7.87-44.12-24-6.22,32.28,7.52,80.72-23.39,95.08-11.71,5.39-25.25,12.16-75.88,32.91-69.2,29.78-93.86,66.34-85.24,149.64-17.68-26.37-19.44-35.18-23.37-66.89-4.67-43.1,16.84-88.33,51-114.36,17.36-13.24-3.42-39.39-21-25.95-49.81,38-73.18,95.51-61.77,157.89,8.32,45.48,31.74,105.29,80.69,108.53,61.22.26,114.93.84,178.17-.26,17.71-.31,30.21-27.59-4.89-34-14.29-74.74,55.34-75,56.86-148.93C458.42,234,511.45,268.68,477.19,176.42ZM335.42,476l12.35-32.86L362.92,476Z\"><\/path>\n<img loading=\"lazy\" width=\"700\" height=\"940\" src=\"https:\/\/happylovers.cl\/stayhappy\/wp-content\/uploads\/2019\/12\/eliminador-marcas-territoriales-perro-1.png\" alt=\"\" srcset=\"https:\/\/happylovers.cl\/stayhappy\/wp-content\/uploads\/2019\/12\/eliminador-marcas-territoriales-perro-1.png 700w, https:\/\/happylovers.cl\/stayhappy\/wp-content\/uploads\/2019\/12\/eliminador-marcas-territoriales-perro-1-223x300.png 223w\" sizes=\"(max-width: 700px) 100vw, 700px\"><br \/>\n<a href=\"javascript:history.back()\" role=\"button\"><br \/>\n&lt; Volver<br \/>\n\t\t\t\t\t<\/a><br \/>\n<img loading=\"lazy\" width=\"1337\" height=\"162\" src=\"https:\/\/happylovers.cl\/stayhappy\/wp-content\/uploads\/2019\/12\/S1-eliminador-de-olores-territoriales.png\" alt=\"\" srcset=\"https:\/\/happylovers.cl\/stayhappy\/wp-content\/uploads\/2019\/12\/S1-eliminador-de-olores-territoriales.png 1337w, https:\/\/happylovers.cl\/stayhappy\/wp-content\/uploads\/2019\/12\/S1-eliminador-de-olores-territoriales-300x36.png 300w, https:\/\/happylovers.cl\/stayhappy\/wp-content\/uploads\/2019\/12\/S1-eliminador-de-olores-territoriales-768x93.png 768w, https:\/\/happylovers.cl\/stayhappy\/wp-content\/uploads\/2019\/12\/S1-eliminador-de-olores-territoriales-1024x124.png 1024w\" sizes=\"(max-width: 1337px) 100vw, 1337px\"><\/p>\n<h2>el cari\u00f1o est\u00e1 en los detalles<\/h2>\n<p><img loading=\"lazy\" width=\"280\" height=\"280\" src=\"https:\/\/happylovers.cl\/stayhappy\/wp-content\/uploads\/2019\/11\/1-BioNatural.png\" alt=\"\" srcset=\"https:\/\/happylovers.cl\/stayhappy\/wp-content\/uploads\/2019\/11\/1-BioNatural.png 280w, https:\/\/happylovers.cl\/stayhappy\/wp-content\/uploads\/2019\/11\/1-BioNatural-150x150.png 150w\" sizes=\"(max-width: 280px) 100vw, 280px\"><\/p>\n<h2>F\u00f3rmula Bio natural que elimina marcaje territorial<\/h2>\n<p>Contiene enzimas que degradan marcas de olores territoriales.<\/p>\n<p>Impide que la mascota vuelva al mismo lugar.<\/p>\n<p><img loading=\"lazy\" width=\"280\" height=\"280\" src=\"https:\/\/happylovers.cl\/stayhappy\/wp-content\/uploads\/2019\/11\/2-Coronta-de-maiz.png\" alt=\"\" srcset=\"https:\/\/happylovers.cl\/stayhappy\/wp-content\/uploads\/2019\/11\/2-Coronta-de-maiz.png 280w, https:\/\/happylovers.cl\/stayhappy\/wp-content\/uploads\/2019\/11\/2-Coronta-de-maiz-150x150.png 150w\" sizes=\"(max-width: 280px) 100vw, 280px\"><\/p>\n<h2>Ecol\u00f3gica<\/h2>\n<p>Hecho a base de enzimas naturales.<br \/>\n100% Biodegradable.<\/p>\n<p><img loading=\"lazy\" width=\"280\" height=\"280\" src=\"https:\/\/happylovers.cl\/stayhappy\/wp-content\/uploads\/2019\/11\/4-no-toxico.png\" alt=\"\" srcset=\"https:\/\/happylovers.cl\/stayhappy\/wp-content\/uploads\/2019\/11\/4-no-toxico.png 280w, https:\/\/happylovers.cl\/stayhappy\/wp-content\/uploads\/2019\/11\/4-no-toxico-150x150.png 150w\" sizes=\"(max-width: 280px) 100vw, 280px\"><\/p>\n<h2>Seguro para su mascota y su casa<\/h2>\n<p>No es t\u00f3xico.<br \/>\nNo mancha.<\/p>\n<h2>modo de uso:<\/h2>\n<p><img loading=\"lazy\" width=\"268\" height=\"309\" src=\"https:\/\/happylovers.cl\/stayhappy\/wp-content\/uploads\/2019\/12\/Eliminador-de-marcas-territoriales-1.png\" alt=\"\" srcset=\"https:\/\/happylovers.cl\/stayhappy\/wp-content\/uploads\/2019\/12\/Eliminador-de-marcas-territoriales-1.png 268w, https:\/\/happylovers.cl\/stayhappy\/wp-content\/uploads\/2019\/12\/Eliminador-de-marcas-territoriales-1-260x300.png 260w\" sizes=\"(max-width: 268px) 100vw, 268px\"><br \/>\n<img loading=\"lazy\" width=\"268\" height=\"309\" src=\"https:\/\/happylovers.cl\/stayhappy\/wp-content\/uploads\/2019\/12\/Eliminador-de-marcas-territoriales-2.png\" alt=\"\" srcset=\"https:\/\/happylovers.cl\/stayhappy\/wp-content\/uploads\/2019\/12\/Eliminador-de-marcas-territoriales-2.png 268w, https:\/\/happylovers.cl\/stayhappy\/wp-content\/uploads\/2019\/12\/Eliminador-de-marcas-territoriales-2-260x300.png 260w\" sizes=\"(max-width: 268px) 100vw, 268px\"><br \/>\n<img loading=\"lazy\" width=\"268\" height=\"309\" src=\"https:\/\/happylovers.cl\/stayhappy\/wp-content\/uploads\/2019\/12\/Eliminador-de-marcas-territoriales-3.png\" alt=\"\" srcset=\"https:\/\/happylovers.cl\/stayhappy\/wp-content\/uploads\/2019\/12\/Eliminador-de-marcas-territoriales-3.png 268w, https:\/\/happylovers.cl\/stayhappy\/wp-content\/uploads\/2019\/12\/Eliminador-de-marcas-territoriales-3-260x300.png 260w\" sizes=\"(max-width: 268px) 100vw, 268px\"><br \/>\n<img loading=\"lazy\" width=\"196\" height=\"196\" src=\"https:\/\/happylovers.cl\/stayhappy\/wp-content\/uploads\/2019\/11\/Hecho-en-Chile.png\" alt=\"\" srcset=\"https:\/\/happylovers.cl\/stayhappy\/wp-content\/uploads\/2019\/11\/Hecho-en-Chile.png 196w, https:\/\/happylovers.cl\/stayhappy\/wp-content\/uploads\/2019\/11\/Hecho-en-Chile-150x150.png 150w\" sizes=\"(max-width: 196px) 100vw, 196px\"><\/p>\n<h2>\u00bfD\u00f3nde Comprar?<\/h2>\n<p><a href=\"https:\/\/happylovers.cl\/stayhappy\/donde-comprar\/\" role=\"button\"><br \/>\nConoce aqu\u00ed las tiendas donde encontrar\u00e1s Stay Happy \u2192<br \/>\n<\/a><\/p>\n","protected":false},"excerpt":{"rendered":"<p>ELIMINADOR DE MARCAS TERRITORIALES PARA GATOS toallitas humedas &lt; Volver el cari\u00f1o est\u00e1 en los detalles F\u00f3rmula Bio natural que elimina marcaje territorial Contiene enzimas que degradan marcas de olores territoriales. Impide que la mascota vuelva al mismo lugar. Ecol\u00f3gica Hecho a base de enzimas naturales. 100% Biodegradable. Seguro para su mascota y su casa [&hellip;]<\/p>\n","protected":false},"author":1,"featured_media":0,"parent":28,"menu_order":0,"comment_status":"closed","ping_status":"closed","template":"elementor_header_footer","meta":[],"builder_content":"","_links":{"self":[{"href":"https:\/\/happylovers.cl\/stayhappy\/wp-json\/wp\/v2\/pages\/202"}],"collection":[{"href":"https:\/\/happylovers.cl\/stayhappy\/wp-json\/wp\/v2\/pages"}],"about":[{"href":"https:\/\/happylovers.cl\/stayhappy\/wp-json\/wp\/v2\/types\/page"}],"author":[{"embeddable":true,"href":"https:\/\/happylovers.cl\/stayhappy\/wp-json\/wp\/v2\/users\/1"}],"replies":[{"embeddable":true,"href":"https:\/\/happylovers.cl\/stayhappy\/wp-json\/wp\/v2\/comments?post=202"}],"version-history":[{"count":21,"href":"https:\/\/happylovers.cl\/stayhappy\/wp-json\/wp\/v2\/pages\/202\/revisions"}],"predecessor-version":[{"id":2094,"href":"https:\/\/happylovers.cl\/stayhappy\/wp-json\/wp\/v2\/pages\/202\/revisions\/2094"}],"up":[{"embeddable":true,"href":"https:\/\/happylovers.cl\/stayhappy\/wp-json\/wp\/v2\/pages\/28"}],"wp:attachment":[{"href":"https:\/\/happylovers.cl\/stayhappy\/wp-json\/wp\/v2\/media?parent=202"}],"curies":[{"name":"wp","href":"https:\/\/api.w.org\/{rel}","templated":true}]}}